{"id":271,"date":"2018-09-24T10:43:22","date_gmt":"2018-09-24T10:43:22","guid":{"rendered":"https:\/\/hotelbaron.al\/index.php\/bar-restaurant\/"},"modified":"2018-09-25T09:48:36","modified_gmt":"2018-09-25T09:48:36","slug":"bar-restaurant","status":"publish","type":"page","link":"https:\/\/hotelbaron.al\/index.php\/bar-restaurant\/?lang=sq","title":{"rendered":"Bar &#038; Restorant"},"content":{"rendered":"<div class=\"wpb-content-wrapper\"><p>[vc_row][vc_column width=&#8221;1\/3&#8243; offset=&#8221;vc_hidden-xs&#8221;][vc_empty_space][vc_custom_heading text=&#8221;Bar &#8221; font_container=&#8221;tag:h2|font_size:50px|text_align:left|color:%233e3014&#8243; google_fonts=&#8221;font_family:Libre%20Baskerville%3Aregular%2Citalic%2C700|font_style:400%20regular%3A400%3Anormal&#8221;][vc_column_text]<\/p>\n<p style=\"color: #3e3014; font-size: 16px; text-align: left;\"><strong><span style=\"color: #d0a578;\">\u2666<\/span> SHU\u00cbLLOJSHM\u00cbRI PIJESH\u00a0<span style=\"color: #d0a578;\">\u2666<\/span><\/strong><\/p>\n<p>[\/vc_column_text][vc_column_text]<\/p>\n<p style=\"text-align: justify;\">N\u00eb barin ton\u00eb, ju do t\u00eb keni mund\u00ebsi t\u00eb shijoni nj\u00eb pije me miqt\u00eb apo familjaret tuaj. P\u00ebrve\u00e7 k\u00ebsaj, muzika live do t&#8217;ju shoq\u00ebroj\u00eb p\u00ebr nj\u00eb atmosfer\u00eb mbres\u00ebl\u00ebn\u00ebse dhe nj\u00eb ambjent relaksues. Ne ju mir\u00ebpresim \u00e7do dit\u00eb, p\u00ebr t\u00eb kaluar momente t\u00eb paharrueshme n\u00eb Hotel Baron.<\/p>\n<p>[\/vc_column_text][\/vc_column][vc_column width=&#8221;2\/3&#8243;][vc_single_image image=&#8221;148&#8243; img_size=&#8221;full&#8221; alignment=&#8221;right&#8221; image_hovers=&#8221;false&#8221;][\/vc_column][\/vc_row][vc_row][vc_column][vc_empty_space][\/vc_column][\/vc_row][vc_row][vc_column width=&#8221;2\/3&#8243;][vc_single_image image=&#8221;158&#8243; img_size=&#8221;full&#8221; image_hovers=&#8221;false&#8221;][\/vc_column][vc_column width=&#8221;1\/3&#8243; offset=&#8221;vc_hidden-xs&#8221;][vc_empty_space][vc_custom_heading text=&#8221;Restorant &#8221; font_container=&#8221;tag:h2|font_size:50px|text_align:left|color:%233e3014&#8243; google_fonts=&#8221;font_family:Libre%20Baskerville%3Aregular%2Citalic%2C700|font_style:400%20regular%3A400%3Anormal&#8221;][vc_column_text]<\/p>\n<p style=\"color: #3e3014; font-size: 16px; text-align: left;\"><strong><span style=\"color: #d0a578;\">\u2666<\/span> MENUJA JON\u00cb E SHIJSHME\u00a0<span style=\"color: #d0a578;\">\u2666<\/span><\/strong><\/p>\n<p>[\/vc_column_text][vc_column_text]<\/p>\n<p style=\"text-align: justify;\">N\u00eb Hotel Baron ju do t\u00eb p\u00ebrjetoni atmosfer\u00ebn e ngroht\u00eb familjare, duke q\u00ebndruar n\u00eb nj\u00eb ambjent relaksues dhe duke shijuar ushqimet e shijshme q\u00eb ne ofrojm\u00eb p\u00ebr ju. Pjatat tradicionale dhe mesdhetare t\u00eb gatuara me delikates\u00eb nga shefi yn\u00eb i kuzhin\u00ebs, do ta b\u00ebjn\u00eb q\u00ebndrimin tuaj t\u00eb paharruesh\u00ebm.<\/p>\n<p>[\/vc_column_text][\/vc_column][\/vc_row]<\/p>\n<\/div>","protected":false},"excerpt":{"rendered":"<p>[vc_row][vc_column width=&#8221;1\/3&#8243; offset=&#8221;vc_hidden-xs&#8221;][vc_empty_space][vc_custom_heading text=&#8221;Bar &#8221; font_container=&#8221;tag:h2|font_size:50px|text_align:left|color:%233e3014&#8243; google_fonts=&#8221;font_family:Libre%20Baskerville%3Aregular%2Citalic%2C700|font_style:400%20regular%3A400%3Anormal&#8221;][vc_column_text] \u2666 SHU\u00cbLLOJSHM\u00cbRI PIJESH\u00a0\u2666 [\/vc_column_text][vc_column_text] N\u00eb barin ton\u00eb, ju do t\u00eb keni mund\u00ebsi t\u00eb shijoni nj\u00eb pije me miqt\u00eb apo familjaret tuaj. P\u00ebrve\u00e7 k\u00ebsaj, muzika live do t&#8217;ju shoq\u00ebroj\u00eb p\u00ebr nj\u00eb atmosfer\u00eb mbres\u00ebl\u00ebn\u00ebse dhe nj\u00eb ambjent relaksues. Ne ju mir\u00ebpresim \u00e7do dit\u00eb, p\u00ebr t\u00eb kaluar momente t\u00eb paharrueshme n\u00eb&hellip;<\/p>\n","protected":false},"author":2,"featured_media":0,"parent":0,"menu_order":0,"comment_status":"closed","ping_status":"closed","template":"","meta":{"footnotes":""},"class_list":["post-271","page","type-page","status-publish","hentry","description-off"],"_links":{"self":[{"href":"https:\/\/hotelbaron.al\/index.php\/wp-json\/wp\/v2\/pages\/271","targetHints":{"allow":["GET"]}}],"collection":[{"href":"https:\/\/hotelbaron.al\/index.php\/wp-json\/wp\/v2\/pages"}],"about":[{"href":"https:\/\/hotelbaron.al\/index.php\/wp-json\/wp\/v2\/types\/page"}],"author":[{"embeddable":true,"href":"https:\/\/hotelbaron.al\/index.php\/wp-json\/wp\/v2\/users\/2"}],"replies":[{"embeddable":true,"href":"https:\/\/hotelbaron.al\/index.php\/wp-json\/wp\/v2\/comments?post=271"}],"version-history":[{"count":2,"href":"https:\/\/hotelbaron.al\/index.php\/wp-json\/wp\/v2\/pages\/271\/revisions"}],"predecessor-version":[{"id":274,"href":"https:\/\/hotelbaron.al\/index.php\/wp-json\/wp\/v2\/pages\/271\/revisions\/274"}],"wp:attachment":[{"href":"https:\/\/hotelbaron.al\/index.php\/wp-json\/wp\/v2\/media?parent=271"}],"curies":[{"name":"wp","href":"https:\/\/api.w.org\/{rel}","templated":true}]}}