{"id":842,"date":"2018-09-25T09:24:36","date_gmt":"2018-09-25T09:24:36","guid":{"rendered":"https:\/\/hotelbaron.al\/index.php\/rooms\/"},"modified":"2019-02-22T10:38:51","modified_gmt":"2019-02-22T10:38:51","slug":"rooms","status":"publish","type":"page","link":"https:\/\/hotelbaron.al\/index.php\/rooms\/?lang=sq","title":{"rendered":"Dhomat"},"content":{"rendered":"<div class=\"wpb-content-wrapper\"><p>[vc_row][vc_column][vc_row_inner gap=&#8221;30&#8243; css=&#8221;.vc_custom_1537959201172{border-top-width: 1px !important;border-right-width: 1px !important;border-bottom-width: 1px !important;border-left-width: 1px !important;background-color: #f4f4f4 !important;border-left-color: rgba(211,211,211,0.69) !important;border-left-style: solid !important;border-right-color: rgba(211,211,211,0.69) !important;border-right-style: solid !important;border-top-color: rgba(211,211,211,0.69) !important;border-top-style: solid !important;border-bottom-color: rgba(211,211,211,0.69) !important;border-bottom-style: solid !important;}&#8221; el_class=&#8221;rreshti&#8221;][vc_column_inner width=&#8221;1\/2&#8243; css=&#8221;.vc_custom_1537866960705{margin-left: 25px !important;}&#8221;][vc_empty_space height=&#8221;20px&#8221;][vc_custom_heading text=&#8221;Dhome Dopio&#8221; font_container=&#8221;tag:h2|font_size:28px|text_align:left|color:%233e3014&#8243; google_fonts=&#8221;font_family:Libre%20Baskerville%3Aregular%2Citalic%2C700|font_style:700%20bold%20regular%3A700%3Anormal&#8221;][vc_single_image image=&#8221;29&#8243; img_size=&#8221;full&#8221; image_hovers=&#8221;false&#8221;][vc_column_text css=&#8221;.vc_custom_1538033461007{margin-top: -20px !important;padding-right: 30px !important;}&#8221;]<\/p>\n<p style=\"text-align: justify;\">Dhoma Dopio ka nje krevat dopio, duke e bere te pershtatshme per nje \u00e7ift. Dhoma ka ballkon dhe te gjitha lehtesirat e tjera si: frigorifer, tavoline, tualet, TV Plazma etj. per nje qendrim te rehatshem dhe relaksues.<\/p>\n<p>[\/vc_column_text][vc_btn title=&#8221;SHIH ME TEPER&#8221; style=&#8221;outline-custom&#8221; outline_custom_color=&#8221;#b59c6f&#8221; outline_custom_hover_background=&#8221;#929a9c&#8221; outline_custom_hover_text=&#8221;#ffffff&#8221; shape=&#8221;square&#8221; align=&#8221;left&#8221; link=&#8221;url:%2Findex.php%2Fdouble-room%2F%3Flang%3Dsq|||&#8221;][\/vc_column_inner][vc_column_inner width=&#8221;1\/2&#8243; css=&#8221;.vc_custom_1537959051873{margin-top: -30px !important;margin-bottom: -30px !important;}&#8221;][vc_single_image image=&#8221;1152&#8243; img_size=&#8221;full&#8221; alignment=&#8221;center&#8221; image_hovers=&#8221;false&#8221;][\/vc_column_inner][\/vc_row_inner][vc_row_inner][vc_column_inner][vc_empty_space height=&#8221;10px&#8221;][\/vc_column_inner][\/vc_row_inner][vc_row_inner gap=&#8221;30&#8243; css=&#8221;.vc_custom_1537959276891{border-top-width: 1px !important;border-right-width: 1px !important;border-bottom-width: 1px !important;border-left-width: 1px !important;background-color: #f4f4f4 !important;border-left-color: rgba(211,211,211,0.69) !important;border-left-style: solid !important;border-right-color: rgba(211,211,211,0.69) !important;border-right-style: solid !important;border-top-color: rgba(211,211,211,0.69) !important;border-top-style: solid !important;border-bottom-color: rgba(211,211,211,0.69) !important;border-bottom-style: solid !important;}&#8221; el_class=&#8221;rreshti&#8221;][vc_column_inner width=&#8221;1\/2&#8243; css=&#8221;.vc_custom_1537959129698{margin-top: -30px !important;margin-bottom: -30px !important;}&#8221;][vc_single_image image=&#8221;1172&#8243; img_size=&#8221;full&#8221; alignment=&#8221;center&#8221; image_hovers=&#8221;false&#8221;][\/vc_column_inner][vc_column_inner width=&#8221;1\/2&#8243; css=&#8221;.vc_custom_1537959121754{margin-left: 25px !important;}&#8221;][vc_empty_space height=&#8221;20px&#8221;][vc_custom_heading text=&#8221;Dhome Dyshe&#8221; font_container=&#8221;tag:h2|font_size:28px|text_align:left|color:%233e3014&#8243; google_fonts=&#8221;font_family:Libre%20Baskerville%3Aregular%2Citalic%2C700|font_style:400%20regular%3A400%3Anormal&#8221;][vc_single_image image=&#8221;29&#8243; img_size=&#8221;full&#8221; image_hovers=&#8221;false&#8221;][vc_column_text css=&#8221;.vc_custom_1538033468687{margin-top: -20px !important;padding-right: 30px !important;}&#8221;]<\/p>\n<p style=\"text-align: justify;\">Dhoma dyshe ka 2 krevate tek ose 1 krevat tek dhe 1 krevat dopio. Dhoma ka ballkon dhe t\u00eb gjitha lehtesirat e tjera si: frigorifer, tavolin\u00eb, tualet, TV Plazma etj. p\u00ebr nj\u00eb q\u00ebndrim t\u00eb rehatsh\u00ebm dhe relaksues.<\/p>\n<p>[\/vc_column_text][vc_btn title=&#8221;SHIH ME TEPER&#8221; style=&#8221;outline-custom&#8221; outline_custom_color=&#8221;#b59c6f&#8221; outline_custom_hover_background=&#8221;#929a9c&#8221; outline_custom_hover_text=&#8221;#ffffff&#8221; shape=&#8221;square&#8221; align=&#8221;left&#8221; link=&#8221;url:%2Findex.php%2Ftwin-room%2F%3Flang%3Dsq|||&#8221;][\/vc_column_inner][\/vc_row_inner][vc_row_inner][vc_column_inner][vc_empty_space height=&#8221;10px&#8221;][\/vc_column_inner][\/vc_row_inner][vc_row_inner gap=&#8221;30&#8243; css=&#8221;.vc_custom_1537959300670{border-top-width: 1px !important;border-right-width: 1px !important;border-bottom-width: 1px !important;border-left-width: 1px !important;background-color: #f4f4f4 !important;border-left-color: rgba(211,211,211,0.69) !important;border-left-style: solid !important;border-right-color: rgba(211,211,211,0.69) !important;border-right-style: solid !important;border-top-color: rgba(211,211,211,0.69) !important;border-top-style: solid !important;border-bottom-color: rgba(211,211,211,0.69) !important;border-bottom-style: solid !important;}&#8221; el_class=&#8221;rreshti&#8221;][vc_column_inner width=&#8221;1\/2&#8243; css=&#8221;.vc_custom_1537866960705{margin-left: 25px !important;}&#8221;][vc_empty_space height=&#8221;20px&#8221;][vc_custom_heading text=&#8221;Dhome Treshe&#8221; font_container=&#8221;tag:h2|font_size:28px|text_align:left|color:%233e3014&#8243; google_fonts=&#8221;font_family:Libre%20Baskerville%3Aregular%2Citalic%2C700|font_style:400%20regular%3A400%3Anormal&#8221;][vc_single_image image=&#8221;29&#8243; img_size=&#8221;full&#8221; image_hovers=&#8221;false&#8221;][vc_column_text css=&#8221;.vc_custom_1538033479093{margin-top: -20px !important;padding-right: 30px !important;}&#8221;]<\/p>\n<p style=\"text-align: justify;\">Dhoma Treshe ka 3 krevate tek ose 1 krevat tek dhe 1 krevat dopio. Dhoma ka ballkon dhe t\u00eb gjitha lehtesirat e tjera si: frigorifer, tavolin\u00eb, tualet, TV Plazma etj. p\u00ebr nj\u00eb q\u00ebndrim t\u00eb rehatsh\u00ebm dhe relaksues.<\/p>\n<p>[\/vc_column_text][vc_btn title=&#8221;SHIH ME TEPER&#8221; style=&#8221;outline-custom&#8221; outline_custom_color=&#8221;#b59c6f&#8221; outline_custom_hover_background=&#8221;#929a9c&#8221; outline_custom_hover_text=&#8221;#ffffff&#8221; shape=&#8221;square&#8221; align=&#8221;left&#8221; link=&#8221;url:%2Findex.php%2Ftriple-room%2F%3Flang%3Dsq|||&#8221;][\/vc_column_inner][vc_column_inner width=&#8221;1\/2&#8243; css=&#8221;.vc_custom_1537959087297{margin-top: -30px !important;margin-bottom: -30px !important;}&#8221;][vc_single_image image=&#8221;1167&#8243; img_size=&#8221;full&#8221; alignment=&#8221;center&#8221; image_hovers=&#8221;false&#8221;][\/vc_column_inner][\/vc_row_inner][vc_row_inner][vc_column_inner][vc_empty_space height=&#8221;10px&#8221;][\/vc_column_inner][\/vc_row_inner][vc_row_inner equal_height=&#8221;yes&#8221; gap=&#8221;30&#8243; css=&#8221;.vc_custom_1537959282850{border-top-width: 1px !important;border-right-width: 1px !important;border-bottom-width: 1px !important;border-left-width: 1px !important;background-color: #f4f4f4 !important;border-left-color: rgba(211,211,211,0.69) !important;border-left-style: solid !important;border-right-color: rgba(211,211,211,0.69) !important;border-right-style: solid !important;border-top-color: rgba(211,211,211,0.69) !important;border-top-style: solid !important;border-bottom-color: rgba(211,211,211,0.69) !important;border-bottom-style: solid !important;}&#8221; el_class=&#8221;rreshti&#8221;][vc_column_inner width=&#8221;1\/2&#8243; css=&#8221;.vc_custom_1537959144163{margin-top: -30px !important;margin-bottom: -30px !important;}&#8221;][vc_single_image image=&#8221;1162&#8243; img_size=&#8221;full&#8221; alignment=&#8221;center&#8221; image_hovers=&#8221;false&#8221;][\/vc_column_inner][vc_column_inner width=&#8221;1\/2&#8243; css=&#8221;.vc_custom_1537959137705{margin-left: 25px !important;}&#8221;][vc_empty_space height=&#8221;20px&#8221;][vc_custom_heading text=&#8221;Dhome Katershe&#8221; font_container=&#8221;tag:h2|font_size:28px|text_align:left|color:%233e3014&#8243; google_fonts=&#8221;font_family:Libre%20Baskerville%3Aregular%2Citalic%2C700|font_style:400%20regular%3A400%3Anormal&#8221;][vc_single_image image=&#8221;29&#8243; img_size=&#8221;full&#8221; image_hovers=&#8221;false&#8221;][vc_column_text css=&#8221;.vc_custom_1538033485541{margin-top: -20px !important;padding-right: 30px !important;}&#8221;]<\/p>\n<p style=\"text-align: justify;\">Dhoma Katershe ka 4 krevate tek ose 2 krevate tek dhe 1 krevat dopio. Dhoma ka ballkon dhe t\u00eb gjitha lehtesirat e tjera si: frigorifer, tavolin\u00eb, tualet, TV Plazma etj. p\u00ebr nj\u00eb q\u00ebndrim t\u00eb rehatsh\u00ebm dhe relaksues.<\/p>\n<p>[\/vc_column_text][vc_btn title=&#8221;SHIH ME TEPER&#8221; style=&#8221;outline-custom&#8221; outline_custom_color=&#8221;#b59c6f&#8221; outline_custom_hover_background=&#8221;#929a9c&#8221; outline_custom_hover_text=&#8221;#ffffff&#8221; shape=&#8221;square&#8221; align=&#8221;left&#8221; link=&#8221;url:%2Findex.php%2Fquadruple-room%2F%3Flang%3Dsq|||&#8221;][\/vc_column_inner][\/vc_row_inner][vc_row_inner][vc_column_inner][vc_empty_space height=&#8221;10px&#8221;][\/vc_column_inner][\/vc_row_inner][vc_row_inner gap=&#8221;30&#8243; css=&#8221;.vc_custom_1537959300670{border-top-width: 1px !important;border-right-width: 1px !important;border-bottom-width: 1px !important;border-left-width: 1px !important;background-color: #f4f4f4 !important;border-left-color: rgba(211,211,211,0.69) !important;border-left-style: solid !important;border-right-color: rgba(211,211,211,0.69) !important;border-right-style: solid !important;border-top-color: rgba(211,211,211,0.69) !important;border-top-style: solid !important;border-bottom-color: rgba(211,211,211,0.69) !important;border-bottom-style: solid !important;}&#8221; el_class=&#8221;rreshti&#8221;][vc_column_inner width=&#8221;1\/2&#8243; css=&#8221;.vc_custom_1537866960705{margin-left: 25px !important;}&#8221;][vc_empty_space height=&#8221;20px&#8221;][vc_custom_heading text=&#8221;Dhome Dopio Ekonomike&#8221; font_container=&#8221;tag:h2|font_size:28px|text_align:left|color:%233e3014&#8243; google_fonts=&#8221;font_family:Libre%20Baskerville%3Aregular%2Citalic%2C700|font_style:400%20regular%3A400%3Anormal&#8221;][vc_single_image image=&#8221;29&#8243; img_size=&#8221;full&#8221; image_hovers=&#8221;false&#8221;][vc_column_text css=&#8221;.vc_custom_1550825647437{margin-top: -20px !important;padding-right: 30px !important;}&#8221;]<\/p>\n<p style=\"text-align: justify;\">Dhoma Ekonomike ka1 krevat dopio. Dhoma ka ballkon dhe t\u00eb gjitha lehtesirat e tjera si: frigorifer, tavolin\u00eb, tualet, TV Plazma etj. p\u00ebr nj\u00eb q\u00ebndrim t\u00eb rehatsh\u00ebm dhe relaksues.<\/p>\n<p>[\/vc_column_text][vc_btn title=&#8221;SHIH ME TEPER&#8221; style=&#8221;outline-custom&#8221; outline_custom_color=&#8221;#b59c6f&#8221; outline_custom_hover_background=&#8221;#929a9c&#8221; outline_custom_hover_text=&#8221;#ffffff&#8221; shape=&#8221;square&#8221; align=&#8221;left&#8221; link=&#8221;url:https%3A%2F%2Fhotelbaron.al%2Findex.php%2Fdhome-dopio-ekonomike%2F%3Flang%3Dsq|||&#8221;][\/vc_column_inner][vc_column_inner width=&#8221;1\/2&#8243; css=&#8221;.vc_custom_1537959087297{margin-top: -30px !important;margin-bottom: -30px !important;}&#8221;][vc_single_image image=&#8221;1157&#8243; img_size=&#8221;full&#8221; alignment=&#8221;center&#8221; image_hovers=&#8221;false&#8221;][\/vc_column_inner][\/vc_row_inner][\/vc_column][\/vc_row]<\/p>\n<\/div>","protected":false},"excerpt":{"rendered":"<p>[vc_row][vc_column][vc_row_inner gap=&#8221;30&#8243; css=&#8221;.vc_custom_1537959201172{border-top-width: 1px !important;border-right-width: 1px !important;border-bottom-width: 1px !important;border-left-width: 1px !important;background-color: #f4f4f4 !important;border-left-color: rgba(211,211,211,0.69) !important;border-left-style: solid !important;border-right-color: rgba(211,211,211,0.69) !important;border-right-style: solid !important;border-top-color: rgba(211,211,211,0.69) !important;border-top-style: solid !important;border-bottom-color: rgba(211,211,211,0.69) !important;border-bottom-style: solid !important;}&#8221; el_class=&#8221;rreshti&#8221;][vc_column_inner width=&#8221;1\/2&#8243; css=&#8221;.vc_custom_1537866960705{margin-left: 25px !important;}&#8221;][vc_empty_space height=&#8221;20px&#8221;][vc_custom_heading text=&#8221;Dhome Dopio&#8221; font_container=&#8221;tag:h2|font_size:28px|text_align:left|color:%233e3014&#8243; google_fonts=&#8221;font_family:Libre%20Baskerville%3Aregular%2Citalic%2C700|font_style:700%20bold%20regular%3A700%3Anormal&#8221;][vc_single_image image=&#8221;29&#8243; img_size=&#8221;full&#8221; image_hovers=&#8221;false&#8221;][vc_column_text css=&#8221;.vc_custom_1538033461007{margin-top: -20px !important;padding-right: 30px !important;}&#8221;] Dhoma Dopio ka nje krevat dopio, duke e&hellip;<\/p>\n","protected":false},"author":2,"featured_media":0,"parent":0,"menu_order":0,"comment_status":"closed","ping_status":"closed","template":"","meta":{"footnotes":""},"class_list":["post-842","page","type-page","status-publish","hentry","description-off"],"_links":{"self":[{"href":"https:\/\/hotelbaron.al\/index.php\/wp-json\/wp\/v2\/pages\/842","targetHints":{"allow":["GET"]}}],"collection":[{"href":"https:\/\/hotelbaron.al\/index.php\/wp-json\/wp\/v2\/pages"}],"about":[{"href":"https:\/\/hotelbaron.al\/index.php\/wp-json\/wp\/v2\/types\/page"}],"author":[{"embeddable":true,"href":"https:\/\/hotelbaron.al\/index.php\/wp-json\/wp\/v2\/users\/2"}],"replies":[{"embeddable":true,"href":"https:\/\/hotelbaron.al\/index.php\/wp-json\/wp\/v2\/comments?post=842"}],"version-history":[{"count":6,"href":"https:\/\/hotelbaron.al\/index.php\/wp-json\/wp\/v2\/pages\/842\/revisions"}],"predecessor-version":[{"id":1480,"href":"https:\/\/hotelbaron.al\/index.php\/wp-json\/wp\/v2\/pages\/842\/revisions\/1480"}],"wp:attachment":[{"href":"https:\/\/hotelbaron.al\/index.php\/wp-json\/wp\/v2\/media?parent=842"}],"curies":[{"name":"wp","href":"https:\/\/api.w.org\/{rel}","templated":true}]}}